{"id":459,"date":"2026-03-07T18:54:52","date_gmt":"2026-03-07T18:54:52","guid":{"rendered":"https:\/\/claragonzalezmua.com\/?page_id=459"},"modified":"2026-03-07T19:24:30","modified_gmt":"2026-03-07T19:24:30","slug":"videos","status":"publish","type":"page","link":"https:\/\/claragonzalezmua.com\/en\/videos\/","title":{"rendered":"Videos"},"content":{"rendered":"<div data-elementor-type=\"wp-page\" data-elementor-id=\"459\" class=\"elementor elementor-459\" data-elementor-post-type=\"page\">\n\t\t\t\t<div class=\"elementor-element elementor-element-238fb07 e-flex e-con-boxed e-con e-parent\" data-id=\"238fb07\" data-element_type=\"container\" data-e-type=\"container\">\n\t\t\t\t\t<div class=\"e-con-inner\">\n\t\t<div class=\"elementor-element elementor-element-a8b1e76 e-con-full e-flex e-con e-child\" data-id=\"a8b1e76\" data-element_type=\"container\" data-e-type=\"container\">\n\t\t\t\t<div class=\"elementor-element elementor-element-6c31045 elementor-widget elementor-widget-heading\" data-id=\"6c31045\" data-element_type=\"widget\" data-e-type=\"widget\" data-widget_type=\"heading.default\">\n\t\t\t\t\t<h2 class=\"elementor-heading-title elementor-size-default\">Operaci\u00f3n Triunfo<\/h2>\t\t\t\t<\/div>\n\t\t\t\t<div class=\"elementor-element elementor-element-71c93c0 elementor-widget elementor-widget-text-editor\" data-id=\"71c93c0\" data-element_type=\"widget\" data-e-type=\"widget\" data-widget_type=\"text-editor.default\">\n\t\t\t\t\t\t\t\t\t<p>Makeup and hair assistant for Chenoa, Noem\u00ed Galera, ManuGrix, Xusojones, Masi Rodr\u00edguez and all the actors of the promotion.<br \/>Filming of Operaci\u00f3n Triunfo for Prime Video Spain<br \/>For Chenoa, Noem\u00ed Galera, ManuGrix, Production and direction Blua Productions House.<\/p>\t\t\t\t\t\t\t\t<\/div>\n\t\t\t\t<\/div>\n\t\t<div class=\"elementor-element elementor-element-40049c8 e-con-full e-flex e-con e-child\" data-id=\"40049c8\" data-element_type=\"container\" data-e-type=\"container\">\n\t\t\t\t<div class=\"elementor-element elementor-element-49f714e elementor-widget elementor-widget-video\" data-id=\"49f714e\" data-element_type=\"widget\" data-e-type=\"widget\" data-settings=\"{&quot;youtube_url&quot;:&quot;https:\\\/\\\/youtu.be\\\/bebn67N5q0s&quot;,&quot;video_type&quot;:&quot;youtube&quot;,&quot;controls&quot;:&quot;yes&quot;}\" data-widget_type=\"video.default\">\n\t\t\t\t\t\t\t<div class=\"elementor-wrapper elementor-open-inline\">\n\t\t\t<div class=\"elementor-video\"><\/div>\t\t<\/div>\n\t\t\t\t\t\t<\/div>\n\t\t\t\t<\/div>\n\t\t\t\t\t<\/div>\n\t\t\t\t<\/div>\n\t\t<div class=\"elementor-element elementor-element-9299de8 e-flex e-con-boxed e-con e-parent\" data-id=\"9299de8\" data-element_type=\"container\" data-e-type=\"container\">\n\t\t\t\t\t<div class=\"e-con-inner\">\n\t\t<div class=\"elementor-element elementor-element-1ad9ce6 e-con-full e-flex e-con e-child\" data-id=\"1ad9ce6\" data-element_type=\"container\" data-e-type=\"container\">\n\t\t\t\t<div class=\"elementor-element elementor-element-a620ce4 elementor-widget elementor-widget-heading\" data-id=\"a620ce4\" data-element_type=\"widget\" data-e-type=\"widget\" data-widget_type=\"heading.default\">\n\t\t\t\t\t<h2 class=\"elementor-heading-title elementor-size-default\">4 generations on trial<\/h2>\t\t\t\t<\/div>\n\t\t\t\t<div class=\"elementor-element elementor-element-4fe9b3d elementor-widget elementor-widget-text-editor\" data-id=\"4fe9b3d\" data-element_type=\"widget\" data-e-type=\"widget\" data-widget_type=\"text-editor.default\">\n\t\t\t\t\t\t\t\t\t<p>Make-up for Ernesto Sevilla, \u00c1lvaro Casares, Car de Lorenzo and Guadalupe \u00abAbuela de Dragones\u00bb for La Vanguardia in collaboration with Movisar Spain.<br \/>Production Linkvids<\/p>\t\t\t\t\t\t\t\t<\/div>\n\t\t\t\t<\/div>\n\t\t<div class=\"elementor-element elementor-element-b9deee1 e-con-full e-flex e-con e-child\" data-id=\"b9deee1\" data-element_type=\"container\" data-e-type=\"container\">\n\t\t\t\t<div class=\"elementor-element elementor-element-d3a63b4 elementor-widget elementor-widget-video\" data-id=\"d3a63b4\" data-element_type=\"widget\" data-e-type=\"widget\" data-settings=\"{&quot;youtube_url&quot;:&quot;https:\\\/\\\/youtu.be\\\/Gk_KboANrK4&quot;,&quot;video_type&quot;:&quot;youtube&quot;,&quot;controls&quot;:&quot;yes&quot;}\" data-widget_type=\"video.default\">\n\t\t\t\t\t\t\t<div class=\"elementor-wrapper elementor-open-inline\">\n\t\t\t<div class=\"elementor-video\"><\/div>\t\t<\/div>\n\t\t\t\t\t\t<\/div>\n\t\t\t\t<\/div>\n\t\t\t\t\t<\/div>\n\t\t\t\t<\/div>\n\t\t<div class=\"elementor-element elementor-element-f1f1f75 e-flex e-con-boxed e-con e-parent\" data-id=\"f1f1f75\" data-element_type=\"container\" data-e-type=\"container\">\n\t\t\t\t\t<div class=\"e-con-inner\">\n\t\t<div class=\"elementor-element elementor-element-a18c9c2 e-con-full e-flex e-con e-child\" data-id=\"a18c9c2\" data-element_type=\"container\" data-e-type=\"container\">\n\t\t\t\t<div class=\"elementor-element elementor-element-f08c678 elementor-widget elementor-widget-heading\" data-id=\"f08c678\" data-element_type=\"widget\" data-e-type=\"widget\" data-widget_type=\"heading.default\">\n\t\t\t\t\t<h2 class=\"elementor-heading-title elementor-size-default\">Videoclip Color Sierra Guadarrama<\/h2>\t\t\t\t<\/div>\n\t\t\t\t<div class=\"elementor-element elementor-element-4b522a0 elementor-widget elementor-widget-text-editor\" data-id=\"4b522a0\" data-element_type=\"widget\" data-e-type=\"widget\" data-widget_type=\"text-editor.default\">\n\t\t\t\t\t\t\t\t\t<p>Makeup, hair and styling for Violeta Veinte.<br \/>Directed and organized by Violeta Veinte and Gerardo Yllera.<br \/>Video and editing Gerardo Yllera<br \/>Segovia City Council<\/p>\t\t\t\t\t\t\t\t<\/div>\n\t\t\t\t<\/div>\n\t\t<div class=\"elementor-element elementor-element-ba523c3 e-con-full e-flex e-con e-child\" data-id=\"ba523c3\" data-element_type=\"container\" data-e-type=\"container\">\n\t\t\t\t<div class=\"elementor-element elementor-element-2184808 elementor-widget elementor-widget-video\" data-id=\"2184808\" data-element_type=\"widget\" data-e-type=\"widget\" data-settings=\"{&quot;youtube_url&quot;:&quot;https:\\\/\\\/youtu.be\\\/m0n4rsvz3J4&quot;,&quot;video_type&quot;:&quot;youtube&quot;,&quot;controls&quot;:&quot;yes&quot;}\" data-widget_type=\"video.default\">\n\t\t\t\t\t\t\t<div class=\"elementor-wrapper elementor-open-inline\">\n\t\t\t<div class=\"elementor-video\"><\/div>\t\t<\/div>\n\t\t\t\t\t\t<\/div>\n\t\t\t\t<\/div>\n\t\t\t\t\t<\/div>\n\t\t\t\t<\/div>\n\t\t<div class=\"elementor-element elementor-element-d0beeda e-flex e-con-boxed e-con e-parent\" data-id=\"d0beeda\" data-element_type=\"container\" data-e-type=\"container\">\n\t\t\t\t\t<div class=\"e-con-inner\">\n\t\t<div class=\"elementor-element elementor-element-b5e6147 e-con-full e-flex e-con e-child\" data-id=\"b5e6147\" data-element_type=\"container\" data-e-type=\"container\">\n\t\t\t\t<div class=\"elementor-element elementor-element-9db3a56 elementor-widget elementor-widget-heading\" data-id=\"9db3a56\" data-element_type=\"widget\" data-e-type=\"widget\" data-widget_type=\"heading.default\">\n\t\t\t\t\t<h2 class=\"elementor-heading-title elementor-size-default\">Night of green cats<\/h2>\t\t\t\t<\/div>\n\t\t\t\t<div class=\"elementor-element elementor-element-0901393 elementor-widget elementor-widget-text-editor\" data-id=\"0901393\" data-element_type=\"widget\" data-e-type=\"widget\" data-widget_type=\"text-editor.default\">\n\t\t\t\t\t\t\t\t\t<p>Makeup and hair for Ana Pascual and Paqui Horcajo.<br \/>Text written by Gracia Querejeta.<\/p>\t\t\t\t\t\t\t\t<\/div>\n\t\t\t\t<\/div>\n\t\t<div class=\"elementor-element elementor-element-76cc81f e-con-full e-flex e-con e-child\" data-id=\"76cc81f\" data-element_type=\"container\" data-e-type=\"container\">\n\t\t\t\t<div class=\"elementor-element elementor-element-3573948 elementor-widget elementor-widget-video\" data-id=\"3573948\" data-element_type=\"widget\" data-e-type=\"widget\" data-settings=\"{&quot;video_type&quot;:&quot;vimeo&quot;}\" data-widget_type=\"video.default\">\n\t\t\t\t\t\t\t<div class=\"elementor-wrapper elementor-open-inline\">\n\t\t\t<iframe class=\"elementor-video-iframe\" allowfullscreen allow=\"clipboard-write\" title=\"Vimeo video player\" src=\"https:\/\/player.vimeo.com\/video\/660618020?color&amp;autopause=0&amp;loop=0&amp;muted=0&amp;title=1&amp;portrait=1&amp;byline=1#t=\"><\/iframe>\t\t<\/div>\n\t\t\t\t\t\t<\/div>\n\t\t\t\t<\/div>\n\t\t\t\t\t<\/div>\n\t\t\t\t<\/div>\n\t\t<div class=\"elementor-element elementor-element-c35d162 e-flex e-con-boxed e-con e-parent\" data-id=\"c35d162\" data-element_type=\"container\" data-e-type=\"container\">\n\t\t\t\t\t<div class=\"e-con-inner\">\n\t\t<div class=\"elementor-element elementor-element-acd4ca2 e-con-full e-flex e-con e-child\" data-id=\"acd4ca2\" data-element_type=\"container\" data-e-type=\"container\">\n\t\t\t\t<div class=\"elementor-element elementor-element-9590379 elementor-widget elementor-widget-heading\" data-id=\"9590379\" data-element_type=\"widget\" data-e-type=\"widget\" data-widget_type=\"heading.default\">\n\t\t\t\t\t<h2 class=\"elementor-heading-title elementor-size-default\">Zarzuela Tour<\/h2>\t\t\t\t<\/div>\n\t\t\t\t<div class=\"elementor-element elementor-element-7126c70 elementor-widget elementor-widget-text-editor\" data-id=\"7126c70\" data-element_type=\"widget\" data-e-type=\"widget\" data-widget_type=\"text-editor.default\">\n\t\t\t\t\t\t\t\t\t<p>Production for the promotion of the premiere of the zarzuela Luisa Fernanda at the Teatro de la Zarzuela.<br \/>Make-up for soprano Yolanda Auyanet and baritone Juan Jes\u00fas Rodr\u00edguez.<br \/>Written and directed by Gonzalo Lahoz, directed and edited by Gemma Escribano.<\/p>\t\t\t\t\t\t\t\t<\/div>\n\t\t\t\t<\/div>\n\t\t<div class=\"elementor-element elementor-element-a7c2249 e-con-full e-flex e-con e-child\" data-id=\"a7c2249\" data-element_type=\"container\" data-e-type=\"container\">\n\t\t\t\t<div class=\"elementor-element elementor-element-ff83d5e elementor-widget elementor-widget-video\" data-id=\"ff83d5e\" data-element_type=\"widget\" data-e-type=\"widget\" data-settings=\"{&quot;youtube_url&quot;:&quot;https:\\\/\\\/youtu.be\\\/7OvLyUW8bvU&quot;,&quot;video_type&quot;:&quot;youtube&quot;,&quot;controls&quot;:&quot;yes&quot;}\" data-widget_type=\"video.default\">\n\t\t\t\t\t\t\t<div class=\"elementor-wrapper elementor-open-inline\">\n\t\t\t<div class=\"elementor-video\"><\/div>\t\t<\/div>\n\t\t\t\t\t\t<\/div>\n\t\t\t\t<\/div>\n\t\t\t\t\t<\/div>\n\t\t\t\t<\/div>\n\t\t<div class=\"elementor-element elementor-element-43c556e e-flex e-con-boxed e-con e-parent\" data-id=\"43c556e\" data-element_type=\"container\" data-e-type=\"container\">\n\t\t\t\t\t<div class=\"e-con-inner\">\n\t\t<div class=\"elementor-element elementor-element-ef29525 e-con-full e-flex e-con e-child\" data-id=\"ef29525\" data-element_type=\"container\" data-e-type=\"container\">\n\t\t\t\t<div class=\"elementor-element elementor-element-a77397f elementor-widget elementor-widget-heading\" data-id=\"a77397f\" data-element_type=\"widget\" data-e-type=\"widget\" data-widget_type=\"heading.default\">\n\t\t\t\t\t<h2 class=\"elementor-heading-title elementor-size-default\">Videoclip \u00abLittle lace bra\u00bb.\u00bb<\/h2>\t\t\t\t<\/div>\n\t\t\t\t<div class=\"elementor-element elementor-element-f072dc6 elementor-widget elementor-widget-text-editor\" data-id=\"f072dc6\" data-element_type=\"widget\" data-e-type=\"widget\" data-widget_type=\"text-editor.default\">\n\t\t\t\t\t\t\t\t\t<p>Make-up for Shirley Davis, Paloma Ara\u00fajo, Juan Dos Santos Lopes<br \/>Direction and Editing: Benedicto Moya and Alberto de Castro<\/p>\t\t\t\t\t\t\t\t<\/div>\n\t\t\t\t<\/div>\n\t\t<div class=\"elementor-element elementor-element-7ac3bde e-con-full e-flex e-con e-child\" data-id=\"7ac3bde\" data-element_type=\"container\" data-e-type=\"container\">\n\t\t\t\t<div class=\"elementor-element elementor-element-c996797 elementor-widget elementor-widget-video\" data-id=\"c996797\" data-element_type=\"widget\" data-e-type=\"widget\" data-settings=\"{&quot;youtube_url&quot;:&quot;https:\\\/\\\/youtu.be\\\/beUfewl3e1Y&quot;,&quot;video_type&quot;:&quot;youtube&quot;,&quot;controls&quot;:&quot;yes&quot;}\" data-widget_type=\"video.default\">\n\t\t\t\t\t\t\t<div class=\"elementor-wrapper elementor-open-inline\">\n\t\t\t<div class=\"elementor-video\"><\/div>\t\t<\/div>\n\t\t\t\t\t\t<\/div>\n\t\t\t\t<\/div>\n\t\t\t\t\t<\/div>\n\t\t\t\t<\/div>\n\t\t\t\t<\/div>","protected":false},"excerpt":{"rendered":"<p>Operaci\u00f3n Triunfo Asistente de maquillaje y peluquer\u00eda para Chenoa, Noem\u00ed Galera, ManuGrix, Xusojones, Masi Rodr\u00edguez y todos los actores de la promoci\u00f3n.Rodaje de Operaci\u00f3n Triunfo para Prime Video Espa\u00f1aPara Chenoa, Noem\u00ed Galera, ManuGrix, Producci\u00f3n y direcci\u00f3n Blua Productions House. https:\/\/youtu.be\/bebn67N5q0s 4 generaciones a prueba Maquillaje para Ernesto Sevilla, \u00c1lvaro Casares, Car de Lorenzo y Guadalupe [&hellip;]<\/p>\n","protected":false},"author":2,"featured_media":0,"parent":0,"menu_order":0,"comment_status":"closed","ping_status":"closed","template":"","meta":{"footnotes":""},"class_list":["post-459","page","type-page","status-publish","hentry"],"blocksy_meta":[],"_hostinger_reach_plugin_has_subscription_block":false,"_hostinger_reach_plugin_is_elementor":false,"_links":{"self":[{"href":"https:\/\/claragonzalezmua.com\/en\/wp-json\/wp\/v2\/pages\/459","targetHints":{"allow":["GET"]}}],"collection":[{"href":"https:\/\/claragonzalezmua.com\/en\/wp-json\/wp\/v2\/pages"}],"about":[{"href":"https:\/\/claragonzalezmua.com\/en\/wp-json\/wp\/v2\/types\/page"}],"author":[{"embeddable":true,"href":"https:\/\/claragonzalezmua.com\/en\/wp-json\/wp\/v2\/users\/2"}],"replies":[{"embeddable":true,"href":"https:\/\/claragonzalezmua.com\/en\/wp-json\/wp\/v2\/comments?post=459"}],"version-history":[{"count":7,"href":"https:\/\/claragonzalezmua.com\/en\/wp-json\/wp\/v2\/pages\/459\/revisions"}],"predecessor-version":[{"id":466,"href":"https:\/\/claragonzalezmua.com\/en\/wp-json\/wp\/v2\/pages\/459\/revisions\/466"}],"wp:attachment":[{"href":"https:\/\/claragonzalezmua.com\/en\/wp-json\/wp\/v2\/media?parent=459"}],"curies":[{"name":"wp","href":"https:\/\/api.w.org\/{rel}","templated":true}]}}