{"id":540,"date":"2026-03-07T20:31:49","date_gmt":"2026-03-07T20:31:49","guid":{"rendered":"https:\/\/claragonzalezmua.com\/?page_id=540"},"modified":"2026-03-09T15:34:29","modified_gmt":"2026-03-09T15:34:29","slug":"politica-de-cookies","status":"publish","type":"page","link":"https:\/\/claragonzalezmua.com\/en\/politica-de-cookies\/","title":{"rendered":"Cookie Policy"},"content":{"rendered":"<div data-elementor-type=\"wp-page\" data-elementor-id=\"540\" class=\"elementor elementor-540\" data-elementor-post-type=\"page\">\n\t\t\t\t<div class=\"elementor-element elementor-element-d568b82 e-flex e-con-boxed e-con e-parent\" data-id=\"d568b82\" data-element_type=\"container\" data-e-type=\"container\">\n\t\t\t\t\t<div class=\"e-con-inner\">\n\t\t\t\t<div class=\"elementor-element elementor-element-5ce0171 elementor-widget elementor-widget-heading\" data-id=\"5ce0171\" data-element_type=\"widget\" data-e-type=\"widget\" data-widget_type=\"heading.default\">\n\t\t\t\t\t<h1 class=\"elementor-heading-title elementor-size-default\">Cookie Policy<\/h1>\t\t\t\t<\/div>\n\t\t\t\t\t<\/div>\n\t\t\t\t<\/div>\n\t\t<div class=\"elementor-element elementor-element-ee35c48 e-flex e-con-boxed e-con e-parent\" data-id=\"ee35c48\" data-element_type=\"container\" data-e-type=\"container\">\n\t\t\t\t\t<div class=\"e-con-inner\">\n\t\t\t\t<div class=\"elementor-element elementor-element-bdcf136 elementor-widget elementor-widget-text-editor\" data-id=\"bdcf136\" data-element_type=\"widget\" data-e-type=\"widget\" data-widget_type=\"text-editor.default\">\n\t\t\t\t\t\t\t\t\t<h2 data-section-id=\"1q78kfg\" data-start=\"226\" data-end=\"253\">1. What are cookies?<\/h2><p data-start=\"255\" data-end=\"584\">Cookies are small text files that are stored on the user's device when visiting a web page. Their function is to allow the website to remember information about the visit, such as preferred language or navigation options, which can make the next visit easier and the site more useful.<\/p><p data-start=\"586\" data-end=\"686\">Cookies play an important role in improving the user's browsing experience.<\/p><hr data-start=\"688\" data-end=\"691\" \/><h2 data-section-id=\"9u1yew\" data-start=\"693\" data-end=\"765\">2. Who is responsible for the use of cookies on this website?<\/h2><p><strong>Headline: <\/strong>Clara Gonzalez\u00a0<\/p><p><strong>DNI:<\/strong> 50204998T<\/p><p><strong>Address:<\/strong> Paseo de la Direcci\u00f3n 130, 3\u00baA, 28039 Madrid<\/p><p><strong>Epigraph:<\/strong> 887<\/p><p><strong>E-mail:<\/strong>\u00a0<a href=\"mailto:claragonzalezmua@gmail.com\" target=\"_blank\" rel=\"noopener\" data-link-card=\"true\"><strong>claragonzalezmua@gmail.com<\/strong><\/a><\/p><p><strong>Contact telephone number:<\/strong> 660359596<\/p><hr data-start=\"981\" data-end=\"984\" \/><h2 data-section-id=\"1fmp5d7\" data-start=\"986\" data-end=\"1037\">3. Types of cookies used on this website<\/h2><p data-start=\"1039\" data-end=\"1104\">The website may use the following categories of cookies:<\/p><h3 data-section-id=\"f4tatc\" data-start=\"1106\" data-end=\"1139\">Technical or necessary cookies<\/h3><p data-start=\"1140\" data-end=\"1391\">They are those that allow the user to navigate through the website and the use of the different options or services that exist in it, such as controlling traffic, identifying the session or accessing restricted areas.<\/p><p data-start=\"1393\" data-end=\"1459\">These cookies are necessary for the operation of the website.<\/p><h3 data-section-id=\"6ve7pu\" data-start=\"1461\" data-end=\"1484\">Analytics Cookies<\/h3><p data-start=\"1485\" data-end=\"1765\">They are those that allow the person responsible for them to monitor and analyze the behavior of users of the website. The information collected through this type of cookies is used to measure the activity of the website and to improve the user experience.<\/p><h3 data-section-id=\"1l4xv71\" data-start=\"1767\" data-end=\"1797\">Personalization cookies<\/h3><p data-start=\"1798\" data-end=\"1962\">They allow information to be remembered so that the user can access the service with certain characteristics that can differentiate their experience from that of other users.<\/p><h3 data-section-id=\"wey66z\" data-start=\"1964\" data-end=\"1987\">Third party cookies<\/h3><p data-start=\"1988\" data-end=\"2128\">This website may use third-party services that collect information for statistical purposes or to improve the services offered.<\/p><hr data-start=\"2130\" data-end=\"2133\" \/><h2 data-section-id=\"1w8r1vm\" data-start=\"2135\" data-end=\"2160\">4. Third Party Cookies<\/h2><p data-start=\"2162\" data-end=\"2217\">This website may use third party cookies such as:<\/p><ul data-start=\"2219\" data-end=\"2417\"><li data-section-id=\"196ld0j\" data-start=\"2219\" data-end=\"2335\"><p data-start=\"2221\" data-end=\"2335\"><strong data-start=\"2221\" data-end=\"2241\">Google Analytics<\/strong>, to analyze the use of the website and improve the users' browsing experience.<\/p><\/li><li data-section-id=\"179pyxv\" data-start=\"2336\" data-end=\"2417\"><p data-start=\"2338\" data-end=\"2417\">Social networking tools that allow sharing website content.<\/p><\/li><\/ul><p data-start=\"2419\" data-end=\"2514\">These third parties may store cookies in the user's browser when visiting the website.<\/p><hr data-start=\"2516\" data-end=\"2519\" \/><h2 data-section-id=\"bftyh9\" data-start=\"2521\" data-end=\"2561\">5. Cookie management and deactivation<\/h2><p data-start=\"2563\" data-end=\"2727\">The user can allow, block or delete cookies installed on your device by configuring the options of the browser you are using.<\/p><p data-start=\"2729\" data-end=\"2841\">Below are links to information on how to manage cookies in the major browsers:<\/p><ul data-start=\"2843\" data-end=\"2908\"><li data-section-id=\"zjiu4f\" data-start=\"2843\" data-end=\"2860\"><p data-start=\"2845\" data-end=\"2860\">Google Chrome<\/p><\/li><li data-section-id=\"4mrvch\" data-start=\"2861\" data-end=\"2880\"><p data-start=\"2863\" data-end=\"2880\">Mozilla Firefox<\/p><\/li><li data-section-id=\"bcdque\" data-start=\"2881\" data-end=\"2891\"><p data-start=\"2883\" data-end=\"2891\">Safari<\/p><\/li><li data-section-id=\"1rgnd6n\" data-start=\"2892\" data-end=\"2908\"><p data-start=\"2894\" data-end=\"2908\">Microsoft Edge<\/p><\/li><\/ul><p data-start=\"2910\" data-end=\"3011\">Disabling cookies may affect the proper functioning of some parts of the website.<\/p><hr data-start=\"3013\" data-end=\"3016\" \/><h2 data-section-id=\"jz5vzb\" data-start=\"3018\" data-end=\"3065\">6. Updates to the cookie policy<\/h2><p data-start=\"3067\" data-end=\"3246\">The owner of the website reserves the right to modify this Cookies Policy to adapt it to new legislation or changes in the operation of the website.<\/p><p data-start=\"3248\" data-end=\"3314\">Users are encouraged to review this policy periodically.<\/p>\t\t\t\t\t\t\t\t<\/div>\n\t\t\t\t\t<\/div>\n\t\t\t\t<\/div>\n\t\t\t\t<\/div>","protected":false},"excerpt":{"rendered":"<p>Pol\u00edtica de cookies 1. \u00bfQu\u00e9 son las cookies? Las cookies son peque\u00f1os archivos de texto que se almacenan en el dispositivo del usuario al visitar una p\u00e1gina web. Su funci\u00f3n es permitir que el sitio web recuerde informaci\u00f3n sobre la visita, como el idioma preferido o las opciones de navegaci\u00f3n, lo que puede facilitar la [&hellip;]<\/p>\n","protected":false},"author":2,"featured_media":0,"parent":0,"menu_order":0,"comment_status":"closed","ping_status":"closed","template":"","meta":{"footnotes":""},"class_list":["post-540","page","type-page","status-publish","hentry"],"blocksy_meta":[],"_hostinger_reach_plugin_has_subscription_block":false,"_hostinger_reach_plugin_is_elementor":false,"_links":{"self":[{"href":"https:\/\/claragonzalezmua.com\/en\/wp-json\/wp\/v2\/pages\/540","targetHints":{"allow":["GET"]}}],"collection":[{"href":"https:\/\/claragonzalezmua.com\/en\/wp-json\/wp\/v2\/pages"}],"about":[{"href":"https:\/\/claragonzalezmua.com\/en\/wp-json\/wp\/v2\/types\/page"}],"author":[{"embeddable":true,"href":"https:\/\/claragonzalezmua.com\/en\/wp-json\/wp\/v2\/users\/2"}],"replies":[{"embeddable":true,"href":"https:\/\/claragonzalezmua.com\/en\/wp-json\/wp\/v2\/comments?post=540"}],"version-history":[{"count":13,"href":"https:\/\/claragonzalezmua.com\/en\/wp-json\/wp\/v2\/pages\/540\/revisions"}],"predecessor-version":[{"id":611,"href":"https:\/\/claragonzalezmua.com\/en\/wp-json\/wp\/v2\/pages\/540\/revisions\/611"}],"wp:attachment":[{"href":"https:\/\/claragonzalezmua.com\/en\/wp-json\/wp\/v2\/media?parent=540"}],"curies":[{"name":"wp","href":"https:\/\/api.w.org\/{rel}","templated":true}]}}